{"id":89,"date":"2025-05-21T15:35:43","date_gmt":"2025-05-21T15:35:43","guid":{"rendered":"https:\/\/www.veeraink.fi\/index.php\/home\/"},"modified":"2025-11-16T13:16:18","modified_gmt":"2025-11-16T13:16:18","slug":"home","status":"publish","type":"page","link":"https:\/\/www.veeraink.fi\/","title":{"rendered":"Home"},"content":{"rendered":"\n    \n    <section class=\"u-align-center u-clearfix u-container-align-center u-image u-shading u-section-2\" src=\"\" id=\"carousel_deab\" data-image-width=\"2048\" data-image-height=\"1363\" style=\"background-image: linear-gradient(0deg, rgba(0, 0, 0, 0.25), rgba(0, 0, 0, 0.25)), url(&quot;https:\/\/www.veeraink.fi\/wp-content\/uploads\/2025\/05\/DSC_5232.jpg&quot;);\">\n      <div class=\"u-clearfix u-sheet u-sheet-1\">\n        <div class=\"u-clearfix u-group-elements u-group-elements-1\">\n          <h1 class=\"u-color-scheme-u10 u-color-style-multicolor-1 u-text u-text-body-alt-color u-title u-text-1\"> VEERA INK<\/h1>\n          <h2 class=\"u-custom-font u-font-montserrat u-text u-text-body-alt-color u-text-2\"> tatuointeja - taidetta<\/h2>\n        <\/div>\n      <\/div>\n    <\/section>\n    <section class=\"u-align-center u-clearfix u-container-align-center u-white u-section-3\" id=\"carousel_029e\">\n      <div class=\"u-clearfix u-sheet u-valign-middle u-sheet-1\">\n        <h5 class=\"u-custom-font u-font-montserrat u-text u-text-default u-text-grey-80 u-text-1\"> Saat yksil\u00f6llisen tatuoinnin taiteellisella otteella<\/h5>\n        <p class=\"u-custom-font u-font-montserrat u-text u-text-grey-80 u-text-2\"> Tatuointistudio Helsingiss\u00e4,<br>Minna Canthin katu 24. \n        <\/p>\n        <div class=\"u-container-style u-effect-fade u-group u-hover-box u-palette-1-light-2 u-group-1\">\n          <div class=\"u-back-slide u-container-layout u-valign-middle-lg u-valign-middle-md u-valign-middle-sm u-valign-middle-xs u-container-layout-1\">\n            <p class=\"u-text u-text-grey-80 u-text-3\"> Olen \u00e4itiyslomalla. Ilmoitan ajanvarauksen avautumisesta vuoden 2025 lopulla. <\/p>\n          <\/div>\n          <div class=\"u-black u-container-layout u-opacity u-opacity-25 u-over-slide u-container-layout-2\"><\/div>\n        <\/div>\n        <a href=\"https:\/\/varaa.timma.fi\/niittytoolo\" class=\"u-active-grey-30 u-border-none u-btn u-button-style u-custom-font u-font-montserrat u-grey-5 u-hover-grey-30 u-btn-1\" target=\"_blank\"> VARAA AIKA<\/a>\n        <p class=\"u-custom-font u-font-montserrat u-text u-text-grey-80 u-text-4\">\n          <a href=\"https:\/\/www.veeraink.fi\/index.php\/tatuoinnit\/\" class=\"u-active-none u-border-none u-btn u-button-link u-button-style u-custom-font u-hover-none u-none u-text-palette-4-dark-1 u-btn-2\" title=\"Tatuoinnit\"> KATSO KUVAGALLERIA<\/a>\n        <\/p>\n      <\/div>\n    <\/section>\n    <section class=\"u-clearfix u-section-4\" id=\"carousel_2347\">\n      <div class=\"u-clearfix u-sheet u-sheet-1\">\n        <div class=\"data-layout-selected u-clearfix u-expanded-width u-layout-wrap u-layout-wrap-1\">\n          <div class=\"u-layout\">\n            <div class=\"u-layout-row\">\n              <div class=\"u-align-left u-container-align-left u-container-align-left-xl u-container-style u-layout-cell u-size-30 u-layout-cell-1\">\n                <div class=\"u-container-layout u-valign-top-sm u-container-layout-1\">\n                  <img decoding=\"async\" class=\"custom-expanded u-expanded-width-lg u-expanded-width-md u-expanded-width-xl u-image u-image-default u-image-1\" src=\"https:\/\/www.veeraink.fi\/wp-content\/uploads\/2025\/05\/DSC_6190.jpg?rand=7fc8\" alt=\"\" data-image-width=\"1363\" data-image-height=\"2048\">\n                <\/div>\n              <\/div>\n              <div class=\"u-align-center u-container-align-center u-container-align-center-lg u-container-align-center-md u-container-align-center-xl u-container-style u-grey-5 u-layout-cell u-shape-rectangle u-size-30 u-layout-cell-2\">\n                <div class=\"u-container-layout u-container-layout-2\">\n                  <h5 class=\"u-custom-font u-font-montserrat u-text u-text-grey-80 u-text-1\">Minusta<\/h5>\n                  <p class=\"u-custom-font u-font-montserrat u-text u-text-grey-80 u-text-2\"> Minulle t\u00e4rke\u00e4 osa tatuoinnin tekoa on l\u00e4sn\u00e4olo ja asiakaskohtaaminen. Tehd\u00e4\u00e4n yhdess\u00e4 juuri sinulle oikea tatuointi. Olen apunasi tatuointikonsultaatiosta aina j\u00e4lkihoitoon saakka.&nbsp;&nbsp;<br>\n                    <br> Olen helsinkil\u00e4inen taidepiirt\u00e4j\u00e4 ja tatuoija. Kuvataiteilijaksi valmistuin 2009 ja harjoitteluni tatuointistudiossa aloitin 2022. Tatuointiyritt\u00e4j\u00e4n\u00e4 olen toiminut vuodesta 2023.&nbsp;<br>Olen koko el\u00e4m\u00e4ni ty\u00f6skennellyt taiteen parissa ja taiden\u00e4yttelyj\u00e4 olen pit\u00e4nyt aktiivisesti l\u00e4pi urani. Teen kuvia musteella iholle ja paperille.&nbsp;<br>\n                    <br> Taiteen lis\u00e4ksi el\u00e4m\u00e4\u00e4ni kantaa luonnossa liikuskelu sek\u00e4 kamppailu-urheilu. Ennen tatuointialalla aloittamista ottelin vapaaottelijana.&nbsp; \n                  <\/p>\n                <\/div>\n              <\/div>\n            <\/div>\n          <\/div>\n        <\/div>\n      <\/div>\n    <\/section>\n    <section class=\"u-align-center u-clearfix u-container-align-center u-white u-section-5\" id=\"carousel_a54b\">\n      <div class=\"u-clearfix u-sheet u-sheet-1\">\n        <img decoding=\"async\" class=\"u-image u-image-circle u-image-1\" src=\"https:\/\/www.veeraink.fi\/wp-content\/uploads\/2025\/11\/b5ef0Ltq.jpg\" alt=\"\" data-image-width=\"1363\" data-image-height=\"2048\">\n        <h5 class=\"u-custom-font u-font-montserrat u-text u-text-grey-80 u-text-1\"> Tatuoinnit<\/h5>\n        <p class=\"u-custom-font u-font-montserrat u-text u-text-grey-80 u-text-2\"> Tatuointi on minulle rakas, el\u00e4v\u00e4 ja hengitt\u00e4v\u00e4 teos, joka muuttuu sinun omaksesi tatuoidessa. Oli toiveidesi tatuointi sitten suuri tai pikkuriikkinen, on se tervetullut ja arvokas. <br>\n          <br> Minulle t\u00e4rke\u00e4 osa tatuoinnin tekoa on l\u00e4sn\u00e4olo ja asiakaskohtaaminen. Tehd\u00e4\u00e4n yhdess\u00e4 juuri sinulle oikea tatuointi. Olen apunasi tatuointikonsultaatiosta aina j\u00e4lkihoitoon saakka.<br>\n        <\/p>\n        <a href=\"https:\/\/www.veeraink.fi\/index.php\/tatuoinnit\/\" class=\"u-active-grey-30 u-border-none u-btn u-button-style u-custom-font u-font-montserrat u-grey-5 u-hover-grey-30 u-btn-1\">Lue lis\u00e4\u00e4 <\/a>\n      <\/div>\n    <\/section>\n    <section class=\"u-align-center u-clearfix u-container-align-center u-section-6\" id=\"sec-615c\">\n      <div class=\"u-clearfix u-sheet u-sheet-1\">\n        <div class=\"u-expanded-width u-gallery u-layout-grid u-lightbox u-no-transition u-show-text-none u-gallery-1\">\n          <div class=\"u-gallery-inner u-gallery-inner-1\">\n            <div class=\"u-effect-hover-zoom u-gallery-item\">\n              <div class=\"u-back-slide\" data-image-width=\"663\" data-image-height=\"828\">\n                <img decoding=\"async\" class=\"u-back-image u-expanded\" src=\"https:\/\/www.veeraink.fi\/wp-content\/uploads\/2025\/05\/Screenshot2025-01-12at15-36-24Instagram.png\">\n              <\/div>\n              <div class=\"u-over-slide u-shading u-over-slide-1\"><\/div>\n            <\/div>\n            <div class=\"u-effect-hover-zoom u-gallery-item\">\n              <div class=\"u-back-slide\" data-image-width=\"663\" data-image-height=\"829\">\n                <img decoding=\"async\" class=\"u-back-image u-expanded\" src=\"https:\/\/www.veeraink.fi\/wp-content\/uploads\/2025\/05\/Screenshot2025-01-12at15-38-59Instagram.png\">\n              <\/div>\n              <div class=\"u-over-slide u-shading u-over-slide-2\"><\/div>\n            <\/div>\n            <div class=\"u-effect-hover-zoom u-gallery-item\">\n              <div class=\"u-back-slide\" data-image-width=\"671\" data-image-height=\"828\">\n                <img decoding=\"async\" class=\"u-back-image u-expanded\" src=\"https:\/\/www.veeraink.fi\/wp-content\/uploads\/2025\/05\/Screenshot2025-01-12at15-40-21Instagram.png\">\n              <\/div>\n              <div class=\"u-over-slide u-shading u-over-slide-3\"><\/div>\n            <\/div>\n            <div class=\"u-effect-hover-zoom u-gallery-item\">\n              <div class=\"u-back-slide\" data-image-width=\"663\" data-image-height=\"829\">\n                <img decoding=\"async\" class=\"u-back-image u-expanded\" src=\"https:\/\/www.veeraink.fi\/wp-content\/uploads\/2025\/05\/Screenshot2025-01-12at15-36-09Instagram.png\">\n              <\/div>\n              <div class=\"u-over-slide u-shading u-over-slide-4\"><\/div>\n            <\/div>\n            <div class=\"u-effect-hover-zoom u-gallery-item\">\n              <div class=\"u-back-slide\" data-image-width=\"663\" data-image-height=\"826\">\n                <img decoding=\"async\" class=\"u-back-image u-expanded\" src=\"https:\/\/www.veeraink.fi\/wp-content\/uploads\/2025\/05\/Screenshot2025-01-12at15-37-29Instagram.png\">\n              <\/div>\n              <div class=\"u-over-slide u-shading u-over-slide-5\"><\/div>\n            <\/div>\n          <\/div>\n        <\/div>\n      <\/div>\n    <\/section>\n    <section class=\"u-align-center u-clearfix u-container-align-center u-white u-section-7\" id=\"carousel_fbe1\">\n      <div class=\"u-clearfix u-sheet u-valign-middle u-sheet-1\">\n        <h5 class=\"u-custom-font u-font-montserrat u-text u-text-grey-80 u-text-1\"> Taide<\/h5>\n        <p class=\"u-custom-font u-font-montserrat u-text u-text-grey-80 u-text-2\"> Piirr\u00e4n tussilla paperille, luonnostelematta. Minua vieh\u00e4tt\u00e4\u00e4 pysyv\u00e4 j\u00e4lki, jonka muste j\u00e4tt\u00e4\u00e4.<br> Piirroksista l\u00f6ytyy kuviteltuja luonnon paikkoja ja tiloja, jotka muodostuvat tunnistettavista elementeist\u00e4: vesimassoista, kalliosta, pilvipeitteest\u00e4. Kuvaan t\u00f6iss\u00e4ni hidasta muodonmuutosta ja sellaisen j\u00e4lkeens\u00e4 j\u00e4tt\u00e4m\u00e4\u00e4 hiljaista tilaa. Piirroksissa maa murtuu vedeksi ja valo piirt\u00e4\u00e4 varjon. Tavoittelen teoksissani luontokokemuksen kaltaista pys\u00e4htymist\u00e4, sek\u00e4 itsens\u00e4 ett\u00e4 toiseuden empaattista kohtaamista.<br>\n        <\/p>\n      <\/div>\n    <\/section>\n    <section class=\"u-align-center u-clearfix u-container-align-center u-white u-section-8\" id=\"carousel_1014\">\n      <div class=\"u-clearfix u-sheet u-sheet-1\">\n        <h5 class=\"u-custom-font u-font-montserrat u-text u-text-grey-80 u-text-1\"> Muotokuvat ja tilausty\u00f6t<\/h5>\n        <p class=\"u-custom-font u-font-montserrat u-text u-text-grey-80 u-text-2\"> Muotokuvat sek\u00e4 muut tilausty\u00f6t yksil\u00f6llisesti sinulle toiveidesi mukaan. Saat uniikin tussipiirroksen rakkaastasi taidepaperille ikuistettuna. Teoksen voi tilata my\u00f6s kehystettyn\u00e4, jolloin voit ripustaa sen suoraan sein\u00e4llesi. Muotokuva piirret\u00e4\u00e4n valokuvasta. Teokset hinnoitellaan projektikohtaisesti ja hinta-arvioon sis\u00e4ltyy alv 10%. <br>\n          <br> Muotokuvassa t\u00e4rkeint\u00e4 minulle on katse ja se, ett\u00e4 tunnistat tutun kasvon ja luonteen kuvasta. Muotokuva lemmikist\u00e4 tai t\u00e4rke\u00e4st\u00e4 henkil\u00f6st\u00e4 on my\u00f6s vaikuttava ja arvokas lahja.<br>\n        <\/p>\n        <a href=\"https:\/\/www.veeraink.fi\/index.php\/taide\/\" class=\"u-active-grey-30 u-border-none u-btn u-button-style u-custom-font u-font-montserrat u-grey-5 u-hover-grey-30 u-btn-1\">Lue lis\u00e4\u00e4 <\/a>\n      <\/div>\n    <\/section>\n    <section class=\"u-align-center u-clearfix u-container-align-center u-container-align-center-xl u-image u-shading u-section-9\" id=\"carousel_0698\" data-image-width=\"828\" data-image-height=\"549\" style=\"background-image: linear-gradient(rgba(0, 0, 0, 0.25), rgba(0, 0, 0, 0.25)), url(&quot;https:\/\/www.veeraink.fi\/wp-content\/uploads\/2025\/05\/Screenshot2025-01-12at15-43-05Instagram.png&quot;), linear-gradient(0deg, rgba(0, 0, 0, 0.2), rgba(0, 0, 0, 0.2));\">\n      <div class=\"u-clearfix u-sheet u-valign-middle-xl u-sheet-1\">\n        <h6 class=\"u-custom-font u-font-montserrat u-text u-text-1\"> Tatuointistudio<\/h6>\n        <p class=\"u-custom-font u-font-montserrat u-text u-text-2\"> Tatuointistudioni l\u00f6yd\u00e4t tunnelmallisesta Takat\u00f6\u00f6l\u00f6st\u00e4 Helsingist\u00e4 osoitteesta <span style=\"font-weight: 700;\">Minna Canthin katu 24<\/span>.&nbsp;Studio toimii Niittyt\u00f6\u00f6l\u00f6 kampaamon vieress\u00e4 ja on auki sopimuksen mukaan.&nbsp; Sis\u00e4\u00e4nk\u00e4ynti l\u00f6ytyy Niittyt\u00f6\u00f6l\u00f6n oikealta puolelta.&nbsp; Saavuthan paikalle varattuna aikana ja yksin, sill\u00e4 tatuointistudiolla ei ole odotustilaa erikseen. L\u00e4mpim\u00e4sti tervetuloa. \n        <\/p>\n      <\/div>\n    <\/section>\n    \n    \n    \n  \n","protected":false},"excerpt":{"rendered":"<p>VEERA INK tatuointeja &#8211; taidetta Saat yksil\u00f6llisen tatuoinnin taiteellisella otteella Tatuointistudio Helsingiss\u00e4,Minna Canthin katu 24. Olen \u00e4itiyslomalla. Ilmoitan ajanvarauksen avautumisesta vuoden 2025 lopulla. VARAA AIKA KATSO KUVAGALLERIA Minusta Minulle t\u00e4rke\u00e4 osa tatuoinnin tekoa on l\u00e4sn\u00e4olo ja asiakaskohtaaminen. Tehd\u00e4\u00e4n yhdess\u00e4 juuri sinulle oikea tatuointi. Olen apunasi tatuointikonsultaatiosta aina j\u00e4lkihoitoon saakka.&nbsp;&nbsp; Olen helsinkil\u00e4inen taidepiirt\u00e4j\u00e4 ja tatuoija. Kuvataiteilijaksi &hellip; <a href=\"https:\/\/www.veeraink.fi\/\" class=\"more-link\">Continue reading<span class=\"screen-reader-text\"> &#8221;Home&#8221;<\/span><\/a><\/p>\n","protected":false},"author":1,"featured_media":0,"parent":0,"menu_order":1,"comment_status":"closed","ping_status":"closed","template":"","meta":{"footnotes":""},"class_list":["post-89","page","type-page","status-publish","hentry"],"_links":{"self":[{"href":"https:\/\/www.veeraink.fi\/index.php\/wp-json\/wp\/v2\/pages\/89","targetHints":{"allow":["GET"]}}],"collection":[{"href":"https:\/\/www.veeraink.fi\/index.php\/wp-json\/wp\/v2\/pages"}],"about":[{"href":"https:\/\/www.veeraink.fi\/index.php\/wp-json\/wp\/v2\/types\/page"}],"author":[{"embeddable":true,"href":"https:\/\/www.veeraink.fi\/index.php\/wp-json\/wp\/v2\/users\/1"}],"replies":[{"embeddable":true,"href":"https:\/\/www.veeraink.fi\/index.php\/wp-json\/wp\/v2\/comments?post=89"}],"version-history":[{"count":3,"href":"https:\/\/www.veeraink.fi\/index.php\/wp-json\/wp\/v2\/pages\/89\/revisions"}],"predecessor-version":[{"id":123,"href":"https:\/\/www.veeraink.fi\/index.php\/wp-json\/wp\/v2\/pages\/89\/revisions\/123"}],"wp:attachment":[{"href":"https:\/\/www.veeraink.fi\/index.php\/wp-json\/wp\/v2\/media?parent=89"}],"curies":[{"name":"wp","href":"https:\/\/api.w.org\/{rel}","templated":true}]}}