{"id":91,"date":"2025-05-21T15:35:45","date_gmt":"2025-05-21T15:35:45","guid":{"rendered":"https:\/\/www.veeraink.fi\/index.php\/ajanvaraus-ja-faq\/"},"modified":"2025-05-21T15:35:48","modified_gmt":"2025-05-21T15:35:48","slug":"ajanvaraus-ja-faq","status":"publish","type":"page","link":"https:\/\/www.veeraink.fi\/index.php\/ajanvaraus-ja-faq\/","title":{"rendered":"Ajanvaraus ja FAQ"},"content":{"rendered":"\n  \n    <section class=\"u-clearfix u-container-align-center u-section-1\" id=\"sec-4cf5\">\n      <div class=\"u-clearfix u-sheet u-valign-middle-sm u-valign-middle-xs u-sheet-1\">\n        <div class=\"data-layout-selected u-clearfix u-expanded-width u-gutter-10 u-layout-wrap u-layout-wrap-1\">\n          <div class=\"u-gutter-0 u-layout\">\n            <div class=\"u-layout-row\">\n              <div class=\"u-container-style u-layout-cell u-size-30 u-layout-cell-1\">\n                <div class=\"u-container-layout u-valign-bottom-sm u-valign-bottom-xl u-valign-bottom-xs u-valign-top-lg u-valign-top-md u-container-layout-1\" src=\"\">\n                  <img decoding=\"async\" class=\"u-expanded-width u-image u-image-1\" src=\"https:\/\/www.veeraink.fi\/wp-content\/uploads\/2025\/05\/DSC_5768.jpg\" data-image-width=\"2048\" data-image-height=\"1363\">\n                <\/div>\n              <\/div>\n              <div class=\"u-container-style u-layout-cell u-size-30 u-layout-cell-2\">\n                <div class=\"u-container-layout u-container-layout-2\">\n                  <h5 class=\"u-align-left-lg u-align-left-xl u-custom-font u-font-montserrat u-text u-text-1\"> Ajanvaraus<\/h5>\n                  <p class=\"u-align-left-lg u-align-left-xl u-custom-font u-font-montserrat u-text u-text-grey-80 u-text-2\"> L\u00e4het\u00e4 minulle viesti ajanvarausta ja hinta-arviota koskien osoitteeseen <a href=\"mailto:ajanvaraus@veeraink.fi\" target=\"_blank\" class=\"u-active-none u-border-none u-btn u-button-style u-hover-none u-none u-text-palette-1-base u-btn-1\">ajanvaraus@veeraink.fi<\/a> tai varaa maksuton konsultaatiotapaaminen: <a href=\"http:\/\/www.timma.fi\/niittytoolo\" class=\"u-active-none u-border-none u-btn u-button-link u-button-style u-custom-font u-hover-none u-none u-text-palette-4-dark-1 u-btn-2\" target=\"_blank\">http:\/\/www.timma.fi\/niittytoolo<\/a>.&nbsp;<br>Tiedustelut my\u00f6s instagramissa <a href=\"https:\/\/www.instagram.com\/veera_ink\/\" target=\"_blank\" class=\"u-active-none u-border-none u-btn u-button-style u-hover-none u-none u-text-palette-1-base u-btn-3\">@veera_ink<\/a>\n                    <br>L\u00e4ht\u00f6hinta tatuoinneille on 150\u20ac ja koko p\u00e4iv\u00e4n hinta on 600\u20ac.<br>Maksuv\u00e4lineen\u00e4 studiolla k\u00e4y kortti ja k\u00e4teinen.<br>\n                    <br>Liit\u00e4 viestiisi seuraavat tiedot:<br>\n                  <\/p>\n                  <ul class=\"u-align-left-lg u-align-left-xl u-custom-font u-font-montserrat u-text u-text-grey-80 u-text-3\">\n                    <li> Tatuoinnin aihe\/idea<\/li>\n                    <li>Kohta kehossa, johon tatuointi tulisi<br>\n                    <\/li>\n                    <li>Tatuoinnin koko (suunnilleen)<\/li>\n                    <li>Onko tatuointi v\u00e4rillinen vai mustaharmaa<\/li>\n                    <li>Mahdolliset referenssikuvat toivotusta tatuointityylist\u00e4 ja kuva-aiheesta<\/li>\n                    <li>Mik\u00e4li kyseess\u00e4 on peittokuva, tai toivotun kohdan vieress\u00e4 on muita tatuointeja, kuva kohdasta, johon tatuointi tulisi.<\/li>\n                    <li>Onko sinulla tatuoinnille tietty budjetti<\/li>\n                  <\/ul>\n                  <p class=\"u-align-left-lg u-align-left-xl u-custom-font u-font-montserrat u-text u-text-grey-80 u-text-4\"> Jos mieluummin keskustelet tulevasta tatuoinnista kasvokkain, voit varata konsultaatiotapaamisen:&nbsp;<a href=\"http:\/\/www.timma.fi\/niittytoolo\" class=\"u-active-none u-border-none u-btn u-button-link u-button-style u-custom-font u-hover-none u-none u-text-palette-4-dark-1 u-btn-4\" target=\"_blank\">\n                      <br>http:\/\/www.timma.fi\/niittytoolo\n                    <\/a>\n                    <br>Konsultaatio on maksuton ja vapaavalintainen.&nbsp;<br> Isommissa tatuointiprojekteissa aloitan kuitenkin prosessin aina konsultaatiotapaamisella. \n                  <\/p>\n                <\/div>\n              <\/div>\n            <\/div>\n          <\/div>\n        <\/div>\n      <\/div>\n    <\/section>\n    <section class=\"u-align-center u-clearfix u-container-align-center u-white u-section-2\" id=\"sec-c8e6\">\n      <div class=\"u-clearfix u-sheet u-sheet-1\">\n        <h5 class=\"u-align-left u-custom-font u-font-montserrat u-text u-text-grey-80 u-text-1\"> Ennen tatuointia<\/h5>\n        <p class=\"u-align-left u-custom-font u-font-montserrat u-text u-text-grey-80 u-text-2\"> Ennen tatuointia on hyv\u00e4 kosteuttaa ihoa, nukkua ja sy\u00f6d\u00e4 hyvin, kysy\u00e4 minulta kaikesta, mik\u00e4 mietitytt\u00e4\u00e4&nbsp;<br>(<a href=\"mailto:ajanvaraus@veeraink.fi\" target=\"_blank\" class=\"u-active-none u-border-none u-btn u-button-style u-hover-none u-none u-text-palette-1-base u-btn-1\">ajanvaraus@veeraink.fi<\/a>) sek\u00e4 tarkistaa, ett\u00e4 seuraavat seikat pit\u00e4v\u00e4t paikkansa kohdallasi tatuointip\u00e4iv\u00e4n\u00e4.\n        <\/p>\n        <ul class=\"u-align-left u-custom-font u-font-montserrat u-text u-text-grey-80 u-text-3\">\n          <li> Olet yli 18-vuotias.<\/li>\n          <li>Olet n\u00e4hnyt tatuoinnintekij\u00e4n ty\u00f6n\u00e4ytteit\u00e4.<\/li>\n          <li>Sinulla ei ole veriteitse tarttuvaa sairautta.<\/li>\n          <li> Mik\u00e4li sinulla on jokin perussairaus, joka vaikuttaa tatuoinnin ottamisen riskeihin, konsultoit l\u00e4\u00e4k\u00e4ri\u00e4 ensin.<\/li>\n          <li> Et ole alkoholin tai huumausaineiden vaikutuksen alaisena.<\/li>\n          <li> Ymm\u00e4rr\u00e4t tatuoinnin olevan pysyv\u00e4.<\/li>\n          <li> Ymm\u00e4rr\u00e4t tatuoinnin olevan ihmisen tekem\u00e4 k\u00e4sity\u00f6nn\u00e4yte, joka ei ole t\u00e4ydellinen kopio mallikuvasta.<\/li>\n          <li> Olet psyykkisesti ja fyysisesti sopivassa olotilassa tatuoinnin ottaaksesi.<\/li>\n          <li> Tatuoitava ihokohta ei ole auringon polttama tai haavoilla.<\/li>\n        <\/ul>\n        <p class=\"u-align-left u-custom-font u-font-montserrat u-text u-text-grey-80 u-text-4\"> Mit\u00e4 mukaan tatuointisessioon?&nbsp;<\/p>\n        <ul class=\"u-align-left u-custom-font u-font-montserrat u-text u-text-grey-80 u-text-5\">\n          <li> Studiolla ollaan sukkasillaan, joten varaa mukaan mukavat sukat.<\/li>\n          <li> Vaatteiden on hyv\u00e4 olla v\u00e4lj\u00e4t ja mukavat, voit ottaa halutessa vaihtovaatteet mukaan.<\/li>\n          <li> Varaa mukaan kuulokkeet, jos haluat kuunnella kirjaa tai musiikkia session aikana.<\/li>\n          <li> Pient\u00e4 ev\u00e4st\u00e4 on hyv\u00e4 ottaa pidemp\u00e4\u00e4n sessioon mukaan, jottei n\u00e4lk\u00e4 yll\u00e4t\u00e4. Studiolta l\u00f6ytyy j\u00e4\u00e4kaappi.<\/li>\n        <\/ul>\n        <h5 class=\"u-align-left u-custom-font u-font-montserrat u-text u-text-grey-80 u-text-6\"> Tatuoinnin j\u00e4lkeen<\/h5>\n        <ul class=\"u-align-left u-custom-font u-font-montserrat u-text u-text-grey-80 u-text-7\">\n          <li> Poista haavakalvo kahden vuorokauden kuluttua.<\/li>\n          <li> Pese tatuointi juoksevalla vedell\u00e4 ja taputtele kevyesti kuivaksi puhtaalla pyyhkeell\u00e4.<\/li>\n          <li> Levit\u00e4 puhtain k\u00e4sin tatuoinnille ohut imeytyv\u00e4 kerros hajusteetonta perusvoidetta.<\/li>\n          <li> Toista pesu ja rasvaus muutamia kertoja p\u00e4iv\u00e4ss\u00e4 nelj\u00e4n viikon ajan tai kunnes tatuoinnin rupi on kokonaisuudessaan irronnut.<\/li>\n          <li> K\u00e4sittele tatuointia aina puhtain k\u00e4sin.<\/li>\n          <li> Anna tatuointiin muodostuvan ruven irrota itsest\u00e4\u00e4n.<\/li>\n          <li> Liev\u00e4 ruumiinl\u00e4mm\u00f6nnousu ison tatuoinnin teett\u00e4misen j\u00e4lkeen on normaalia. Mik\u00e4li sinulle nousisi korkea kuume ja kova kuumotus ja kipu, hakeudu l\u00e4\u00e4k\u00e4riin.<\/li>\n          <li> Ota yhteytt\u00e4 matalalla kynnyksell\u00e4 kaikesta, mik\u00e4 mietitytt\u00e4\u00e4 j\u00e4lkihoitoa koskien <a href=\"mailto:ajanvaraus@veeraink.fi\" target=\"_blank\" class=\"u-active-none u-border-none u-btn u-button-style u-hover-none u-none u-text-palette-1-base u-btn-2\">ajanvaraus@veeraink.fi<\/a>\n          <\/li>\n          <li> V\u00e4lt\u00e4 tatuointiin kohdistuvaa hankausta, likaa, uimista, saunomista ja aurinkoa, kunnes tatuointi on parantunut.<\/li>\n          <li> Tatuointi on parantunut, kun rupi on kokonaisuudessaan irronnut. Paranemisessa kest\u00e4\u00e4 noin kahdesta nelj\u00e4\u00e4n viikkoon.<\/li>\n          <li> K\u00e4yt\u00e4 tatuoinnin parannuttua sen suojana auringolle UV-blokkia.<\/li>\n          <li> Ihon kosteutusta on hyv\u00e4 jatkaa tatuoinnin parannuttua.<\/li>\n          <li> Tatuoinnin onnistunut j\u00e4lkihoito vaikuttaa positiivisesti lopulliseen tatuointilopputulokseen.<\/li>\n        <\/ul>\n      <\/div>\n    <\/section>\n    \n    \n    \n    \n  \n","protected":false},"excerpt":{"rendered":"<p>Ajanvaraus L\u00e4het\u00e4 minulle viesti ajanvarausta ja hinta-arviota koskien osoitteeseen ajanvaraus@veeraink.fi tai varaa maksuton konsultaatiotapaaminen: http:\/\/www.timma.fi\/niittytoolo.&nbsp;Tiedustelut my\u00f6s instagramissa @veera_ink L\u00e4ht\u00f6hinta tatuoinneille on 150\u20ac ja koko p\u00e4iv\u00e4n hinta on 600\u20ac.Maksuv\u00e4lineen\u00e4 studiolla k\u00e4y kortti ja k\u00e4teinen. Liit\u00e4 viestiisi seuraavat tiedot: Tatuoinnin aihe\/idea Kohta kehossa, johon tatuointi tulisi Tatuoinnin koko (suunnilleen) Onko tatuointi v\u00e4rillinen vai mustaharmaa Mahdolliset referenssikuvat toivotusta &hellip; <a href=\"https:\/\/www.veeraink.fi\/index.php\/ajanvaraus-ja-faq\/\" class=\"more-link\">Continue reading<span class=\"screen-reader-text\"> &#8221;Ajanvaraus ja FAQ&#8221;<\/span><\/a><\/p>\n","protected":false},"author":1,"featured_media":0,"parent":0,"menu_order":3,"comment_status":"closed","ping_status":"closed","template":"","meta":{"footnotes":""},"class_list":["post-91","page","type-page","status-publish","hentry"],"_links":{"self":[{"href":"https:\/\/www.veeraink.fi\/index.php\/wp-json\/wp\/v2\/pages\/91","targetHints":{"allow":["GET"]}}],"collection":[{"href":"https:\/\/www.veeraink.fi\/index.php\/wp-json\/wp\/v2\/pages"}],"about":[{"href":"https:\/\/www.veeraink.fi\/index.php\/wp-json\/wp\/v2\/types\/page"}],"author":[{"embeddable":true,"href":"https:\/\/www.veeraink.fi\/index.php\/wp-json\/wp\/v2\/users\/1"}],"replies":[{"embeddable":true,"href":"https:\/\/www.veeraink.fi\/index.php\/wp-json\/wp\/v2\/comments?post=91"}],"version-history":[{"count":1,"href":"https:\/\/www.veeraink.fi\/index.php\/wp-json\/wp\/v2\/pages\/91\/revisions"}],"predecessor-version":[{"id":95,"href":"https:\/\/www.veeraink.fi\/index.php\/wp-json\/wp\/v2\/pages\/91\/revisions\/95"}],"wp:attachment":[{"href":"https:\/\/www.veeraink.fi\/index.php\/wp-json\/wp\/v2\/media?parent=91"}],"curies":[{"name":"wp","href":"https:\/\/api.w.org\/{rel}","templated":true}]}}